{"id":765,"date":"2024-12-03T11:41:24","date_gmt":"2024-12-03T09:41:24","guid":{"rendered":"https:\/\/www.boeckcomunicacio.cat\/?page_id=765"},"modified":"2024-12-10T17:24:18","modified_gmt":"2024-12-10T15:24:18","slug":"politica-de-cookies","status":"publish","type":"page","link":"https:\/\/www.boeckcomunicacio.cat\/es\/politica-de-cookies\/","title":{"rendered":"Pol\u00edtica de cookies"},"content":{"rendered":"<div class=\"wpb-content-wrapper\"><p>[vc_row css_animation=\u00bb\u00bb row_type=\u00bbrow\u00bb use_row_as_full_screen_section=\u00bbno\u00bb type=\u00bbgrid\u00bb angled_section=\u00bbno\u00bb text_align=\u00bbleft\u00bb background_image_as_pattern=\u00bbwithout_pattern\u00bb z_index=\u00bb\u00bb][vc_column][vc_column_text css=\u00bb\u00bb el_class=\u00bbbreadcrumbs\u00bb]<\/p>\n<p style=\"text-align: right;\"><a href=\"https:\/\/www.boeckcomunicacio.cat\/es\/\">Inicio<\/a> &gt; Pol\u00edtica de cookies<\/p>\n<p>[\/vc_column_text][\/vc_column][\/vc_row][vc_row css_animation=\u00bb\u00bb row_type=\u00bbrow\u00bb use_row_as_full_screen_section=\u00bbno\u00bb type=\u00bbgrid\u00bb angled_section=\u00bbno\u00bb text_align=\u00bbleft\u00bb background_image_as_pattern=\u00bbwithout_pattern\u00bb z_index=\u00bb\u00bb][vc_column el_id=\u00bbinici\u00bb][vc_empty_space height=\u00bb52px\u00bb][vc_column_text css=\u00bb\u00bb]<\/p>\n<h1 style=\"text-align: center;\"><span class='highlight' style='color: #010101; background-color:transparent;'>Pol\u00edtica <\/span> de cookies (UE)<\/h1>\n<p>[\/vc_column_text][vc_empty_space height=\u00bb52px\u00bb][vc_column_text css=\u00bb\u00bb]Esta pol\u00edtica de cookies se actualiz\u00f3 por \u00faltima vez el 3 de diciembre de 2024 y se aplica a ciudadanos y residentes legales permanentes del Espacio Econ\u00f3mico Europeo y Suiza.<\/p>\n<h2>1. Introducci\u00f3n<\/h2>\n<p>Nuestro sitio web, <a href=\"https:\/\/www.boeckcomunicacio.cat\/es\/\">https:\/\/www.boeckcomunicacio.cat<\/a> (en adelante \u00abel sitio web\u00bb) utiliza cookies y otras tecnolog\u00edas relacionadas (por comodidad, todas las tecnolog\u00edas se denominan \u00abcookies\u00bb). Las cookies tambi\u00e9n son colocadas por terceros que hemos contratado. En el siguiente documento le informamos sobre el uso de las cookies en nuestro sitio web.  <\/p>\n<h2>2. \u00bfQu\u00e9 son las cookies?<\/h2>\n<p>Una cookie es un archivo peque\u00f1o y sencillo que se env\u00eda junto con p\u00e1ginas de este sitio web y que su navegador almacena en el disco duro del ordenador u otro dispositivo. La informaci\u00f3n almacenada en \u00e9l se puede devolver a nuestros servidores o servidores de los terceros correspondientes durante una visita posterior.<\/p>\n<h2>3. \u00bfQu\u00e9 son los scripts?<\/h2>\n<p>Un script es una pieza de c\u00f3digo de software que se utiliza para que nuestra web funcione correctamente e interactivamente. Este c\u00f3digo se ejecuta en nuestro servidor o en su dispositivo.<\/p>\n<h2>4. \u00bfQu\u00e9 es una baliza web?<\/h2>\n<p>Una baliza web (o una etiqueta de p\u00edxel) es una peque\u00f1a e invisible pieza de texto o imagen en un sitio web que se utiliza para controlar el tr\u00e1fico de un sitio web. Para ello, se almacenan varios datos utilizando balizas web.<\/p>\n<h2>5. cookies<\/h2>\n<h3>5.1 cookies t\u00e9cnicas o funcionales<\/h3>\n<p>Algunas cookies aseguran que ciertas partes del sitio web funcionan correctamente y que las preferencias de los usuarios sigan siendo conocidas. Utilizando cookies funcionales, le facilitamos que visite nuestro sitio web. De esta forma, no es necesario que introduzca repetidamente la misma informaci\u00f3n cuando visite nuestro sitio web y, por ejemplo, los elementos permanecen en la carretilla de la compra hasta que haya pagado. Podemos poner estas cookies sin su consentimiento.<\/p>\n<h3>5.2 Cookies de estad\u00edstica<\/h3>\n<p>Dado que las estad\u00edsticas se hacen un seguimiento an\u00f3nimo, no se pide permiso para colocar cookies de estad\u00edsticas.<\/p>\n<table>\n<tbody>\n<tr>\n<th>Nombre<\/th>\n<th>Tipos<\/th>\n<th>Origen<\/th>\n<th>Duraci\u00f3n<\/th>\n<th>Funci\u00f3n<\/th>\n<\/tr>\n<tr>\n<td>cmplz_functional<\/td>\n<td>Funcional<\/td>\n<td>Complianz<\/td>\n<td>365 d\u00edas<\/td>\n<td>Almacena las preferencias de consentimiento de las cookies<\/td>\n<\/tr>\n<tr>\n<td>cmplz_statistics<\/td>\n<td>Funcional<\/td>\n<td>Complianz<\/td>\n<td>365 d\u00edas<\/td>\n<td>Almacena las preferencias de consentimiento de las cookies<\/td>\n<\/tr>\n<tr>\n<td>cmplz_preferences<\/td>\n<td>Funcional<\/td>\n<td>Complianz<\/td>\n<td>365 d\u00edas<\/td>\n<td>Almacena las preferencias de consentimiento de las cookies<\/td>\n<\/tr>\n<tr>\n<td>cmplz_policy_id<\/td>\n<td>Funcional<\/td>\n<td>Complianz<\/td>\n<td>365 d\u00edas<\/td>\n<td>Registrar el ID de la pol\u00edtica de cookie aceptada<\/td>\n<\/tr>\n<tr>\n<td>wpEmojiSettingsSupports<\/td>\n<td>Funcional<\/td>\n<td>WordPress<\/td>\n<td>sesi\u00f3n<\/td>\n<td>Almacena los detalles del navegador<\/td>\n<\/tr>\n<tr>\n<td>wp-wpml_current_language<\/td>\n<td>Funcional<\/td>\n<td>WPML<\/td>\n<td>1 d\u00eda<\/td>\n<td>Almacena la configuraci\u00f3n del idiomas<\/td>\n<\/tr>\n<\/tbody>\n<\/table>\n<h2>7. Consentimiento<\/h2>\n<p>Cuando visite nuestro sitio web por primera vez, le mostraremos un mensaje emergente con una explicaci\u00f3n sobre las cookies. En cuanto haga clic en \u00abGuardar preferencias\u00bb, nos consiente en utilizar las categor\u00edas de cookies y extensiones que ha seleccionado en el mensaje emergente, tal y como se describe en esta Pol\u00edtica de cookies. Puede desactivar el uso de cookies a trav\u00e9s de su navegador, pero tenga en cuenta que puede que nuestro sitio web ya no funcione correctamente.<\/p>\n<h3>7.1 Gestione su configuraci\u00f3n de consentimiento<\/h3>\n<p>Ha cargado la Pol\u00edtica de cookies sin soporte javascript. En AMP, puede utilizar el bot\u00f3n de gesti\u00f3n del consentimiento en la parte inferior de la p\u00e1gina.<\/p>\n<h2>8. Activaci\u00f3n \/ desactivaci\u00f3n y eliminaci\u00f3n de cookies<\/h2>\n<p>Puede utilizar el navegador para borrar las cookies autom\u00e1ticamente o manualmente. Adem\u00e1s, puede especificar que determinadas cookies no sean colocadas. Otra opci\u00f3n es cambiar las preferencias de su navegador para recibir un mensaje cada vez que una cookie es colocada. Para m\u00e1s informaci\u00f3n, puede consultar las instrucciones en la Ayuda de su navegador.<br \/>\nTenga en cuenta que nuestro sitio web puede no funcionar correctamente si todas las cookies est\u00e1n desactivadas. Si suprime las cookies del navegador, se crear\u00e1n otras nuevas despu\u00e9s de su consentimiento cuando vuelva a visitar nuestros sitios web.<\/p>\n<h2>9. Sus derechos respecto a sus datos personales<\/h2>\n<p>Tiene los siguientes derechos respecto a sus datos personales:<\/p>\n<ul>\n<li>Tiene derecho a saber por qu\u00e9 se necesitan sus datos personales, qu\u00e9 pasar\u00e1 y cu\u00e1nto tiempo se conservar\u00e1n.<\/li>\n<li>Derecho de acceso: tiene derecho a acceder a sus datos personales que nos son conocidos.<\/li>\n<li>Derecho de rectificaci\u00f3n: tiene derecho a completar, corregir, suprimir o bloquear sus datos personales siempre que lo desee.<\/li>\n<li>Si nos da el consentimiento para procesar sus datos, tiene el derecho de revocar este consentimiento y de suprimir sus datos personales.<\/li>\n<li>Derecho de transferir sus datos: tiene el derecho de solicitar todos los datos personales del controlador y transferirlos en su totalidad a otro controlador.<\/li>\n<li>Derecho a la oposici\u00f3n: puede oponerse al procesamiento de sus datos. Cumplimos con esto, salvo que existan motivos justificados para el procesamiento. <\/li>\n<\/ul>\n<p>Para ejercer estos derechos, p\u00f3ngase en contacto con nosotros. Consulte los datos de contacto en la parte inferior de esta Pol\u00edtica de cookies. Si tiene una queja sobre c\u00f3mo gestionamos sus datos, nos gustar\u00eda escucharle, pero tambi\u00e9n tiene el derecho de presentar una reclamaci\u00f3n a la autoridad de supervisi\u00f3n (la Agencia de Protecci\u00f3n de Datos).<\/p>\n<h2>10. Detalles de contacto<\/h2>\n<p>Para preguntas y\/o comentarios sobre nuestra Pol\u00edtica de cookies y esta declaraci\u00f3n, p\u00f3ngase en contacto con nosotros mediante las siguientes datos de contacto: Marina Sol\u00e0 Boeck<br \/>\n Am\u00e9rica, 26<br \/>\n Tona, 08551 (Barcelona)<br \/>\n Espa\u00f1a Sitio web: <a href=\"https:\/\/www.boeckcomunicacio.cat\/es\/\">https:\/\/www.boeckcomunicacio.cat<\/a><br \/>\n E-mail: hola@boeckcomunicacio.cat Esta pol\u00edtica de cookies se ha sincronizado como <a href=\"https:\/\/cookiedatabase.org\">cookiedatabase.org<\/a> el 3 de diciembre de 2024.[\/vc_column_text][vc_empty_space height=\u00bb52px\u00bb][\/vc_column][\/vc_row]<\/p>\n<\/div>","protected":false},"excerpt":{"rendered":"<p>[vc_row css_animation=\u00bb\u00bb row_type=\u00bbrow\u00bb use_row_as_full_screen_section=\u00bbno\u00bb type=\u00bbgrid\u00bb angled_section=\u00bbno\u00bb text_align=\u00bbleft\u00bb background_image_as_pattern=\u00bbwithout_pattern\u00bb z_index=\u00bb\u00bb][vc_column][vc_column_text css=\u00bb\u00bb el_class=\u00bbbreadcrumbs\u00bb] Inicio &gt; Pol\u00edtica de cookies [\/vc_column_text][\/vc_column][\/vc_row][vc_row css_animation=\u00bb\u00bb row_type=\u00bbrow\u00bb use_row_as_full_screen_section=\u00bbno\u00bb type=\u00bbgrid\u00bb angled_section=\u00bbno\u00bb text_align=\u00bbleft\u00bb background_image_as_pattern=\u00bbwithout_pattern\u00bb z_index=\u00bb\u00bb][vc_column el_id=\u00bbinici\u00bb][vc_empty_space height=\u00bb52px\u00bb][vc_column_text css=\u00bb\u00bb] de cookies (UE) [\/vc_column_text][vc_empty_space height=\u00bb52px\u00bb][vc_column_text css=\u00bb\u00bb]Esta pol\u00edtica de cookies se actualiz\u00f3 por \u00faltima vez el 3 de&hellip; <a class=\"continue\" href=\"https:\/\/www.boeckcomunicacio.cat\/es\/politica-de-cookies\/\">CONTINUAR >>><span> Pol\u00edtica de cookies<\/span><\/a><\/p>\n","protected":false},"author":1,"featured_media":0,"parent":0,"menu_order":0,"comment_status":"closed","ping_status":"closed","template":"full_width.php","meta":{"footnotes":""},"class_list":["post-765","page","type-page","status-publish","hentry"],"_links":{"self":[{"href":"https:\/\/www.boeckcomunicacio.cat\/es\/wp-json\/wp\/v2\/pages\/765","targetHints":{"allow":["GET"]}}],"collection":[{"href":"https:\/\/www.boeckcomunicacio.cat\/es\/wp-json\/wp\/v2\/pages"}],"about":[{"href":"https:\/\/www.boeckcomunicacio.cat\/es\/wp-json\/wp\/v2\/types\/page"}],"author":[{"embeddable":true,"href":"https:\/\/www.boeckcomunicacio.cat\/es\/wp-json\/wp\/v2\/users\/1"}],"replies":[{"embeddable":true,"href":"https:\/\/www.boeckcomunicacio.cat\/es\/wp-json\/wp\/v2\/comments?post=765"}],"version-history":[{"count":12,"href":"https:\/\/www.boeckcomunicacio.cat\/es\/wp-json\/wp\/v2\/pages\/765\/revisions"}],"predecessor-version":[{"id":854,"href":"https:\/\/www.boeckcomunicacio.cat\/es\/wp-json\/wp\/v2\/pages\/765\/revisions\/854"}],"wp:attachment":[{"href":"https:\/\/www.boeckcomunicacio.cat\/es\/wp-json\/wp\/v2\/media?parent=765"}],"curies":[{"name":"wp","href":"https:\/\/api.w.org\/{rel}","templated":true}]}}