{"id":705,"date":"2024-10-21T10:45:07","date_gmt":"2024-10-21T08:45:07","guid":{"rendered":"https:\/\/www.boeckcomunicacio.cat\/declaracion-de-accesibilidad\/"},"modified":"2025-03-05T09:28:37","modified_gmt":"2025-03-05T07:28:37","slug":"declaracion-de-accesibilidad","status":"publish","type":"page","link":"https:\/\/www.boeckcomunicacio.cat\/es\/declaracion-de-accesibilidad\/","title":{"rendered":"Declaraci\u00f3n de accesibilidad"},"content":{"rendered":"<div class=\"wpb-content-wrapper\"><p>[vc_row css_animation=\u00bb\u00bb row_type=\u00bbrow\u00bb use_row_as_full_screen_section=\u00bbno\u00bb type=\u00bbgrid\u00bb angled_section=\u00bbno\u00bb text_align=\u00bbleft\u00bb background_image_as_pattern=\u00bbwithout_pattern\u00bb z_index=\u00bb\u00bb][vc_column][vc_column_text css=\u00bb\u00bb el_class=\u00bbbreadcrumbs\u00bb]<\/p>\n<p style=\"text-align: right;\"><a href=\"https:\/\/www.boeckcomunicacio.cat\/es\/\">Inicio<\/a> &gt; Declaraci\u00f3n de accesibilidad<\/p>\n<p>[\/vc_column_text][\/vc_column][\/vc_row][vc_row css_animation=\u00bb\u00bb row_type=\u00bbrow\u00bb use_row_as_full_screen_section=\u00bbno\u00bb type=\u00bbfull_width\u00bb angled_section=\u00bbno\u00bb text_align=\u00bbleft\u00bb background_image_as_pattern=\u00bbwithout_pattern\u00bb][vc_column el_id=\u00bbinici\u00bb][vc_empty_space][vc_column_text css=\u00bb\u00bb]<\/p>\n<h1 style=\"text-align: left;\"><span class='highlight' style='color: #010101; background-color:transparent;'>Declaraci\u00f3n<\/span> de accesibilidad<\/h1>\n<p>[\/vc_column_text][vc_empty_space][vc_column_text css=\u00bb\u00bb]MARINA SOLA BOECK se ha comprometido a hacer accesible su sitio web, de conformidad con el Real decreto 1112\/2018, de 7 de septiembre, sobre accesibilidad de los sitios web y aplicaciones para dispositivos m\u00f3viles del sector p\u00fablico. Esta declaraci\u00f3n de accesibilidad se aplica en el sitio web https:\/\/www.boeckcomunicacio.cat:<\/p>\n<p>&nbsp;<\/p>\n<h2>Situaci\u00f3n de cumplimiento<\/h2>\n<p>Este sitio web cumple con el RD 1112\/2018.<\/p>\n<p>&nbsp;<\/p>\n<h2>Preparaci\u00f3n de la presente declaraci\u00f3n de accesibilidad<\/h2>\n<p>Esta declaraci\u00f3n fue preparada el 4 de febrero de 2025. El m\u00e9todo empleado para preparar la declaraci\u00f3n ha sido una autoevaluaci\u00f3n llevada a cabo por MARINA SOLA BOECK.<\/p>\n<p>&nbsp;<\/p>\n<h2>Observaciones y datos de contacto<\/h2>\n<p>Puede realizar comunicaciones sobre requisitos de accesibilidad (art\u00edculo 10.2.a del RD 1112\/2018) tales como: \u25aa Informar sobre cualquier posible incumplimiento por parte de este sitio web. \u25aa Transmitir otras dificultades de acceso al contenido. \u25aa Formular cualquier otra consulta o sugerencia de mejora relativa a la accesibilidad del sitio web. a trav\u00e9s del formulario de contacto de este sitio web. Las quejas y reclamaciones sobre informaci\u00f3n accesible se realizar\u00e1n a trav\u00e9s de <a href=\"https:\/\/boeckcomunicacio.cat\/#contacte\">este formulario<\/a> y ser\u00e1n recibidas y tratadas por MARINA SOLA BOECK.<\/p>\n<p>&nbsp;<\/p>\n<h2>Procedimiento de aplicaci\u00f3n<\/h2>\n<p>Si una vez realizada una solicitud de informaci\u00f3n accesible o queja, \u00e9sta ha sido desestimada, no se estuviera de acuerdo con la decisi\u00f3n adoptada, o la respuesta no cumpliera los requisitos previstos en el art\u00edculo 12.5, la persona interesada puede iniciar una reclamaci\u00f3n. Igualmente, podr\u00e1 iniciarse una reclamaci\u00f3n en caso de que haya transcurrido el plazo de veinte d\u00edas h\u00e1biles sin haber obtenido respuesta. La reclamaci\u00f3n puede ser presentada a trav\u00e9s de info@boeckcomunicacio.cat as\u00ed como al resto de opciones recogidas en la Ley 39\/2015, de 1 de octubre, del Procedimiento Administrativo Com\u00fan de las administraciones p\u00fablicas. Las reclamaciones ser\u00e1n recibidas y tratadas por MARINA SOLA BOECK.<\/p>\n<p>&nbsp;<\/p>\n<h2>Contenido opcional<\/h2>\n<p>Este portal est\u00e1 dise\u00f1ado para cambiar el tama\u00f1o del texto y el color, as\u00ed como el fondo de la p\u00e1gina mediante las opciones de configuraci\u00f3n est\u00e1ndar de los navegadores. Si desea cambiar el tama\u00f1o de letra del texto en los principales navegadores gr\u00e1ficos utilice los siguientes men\u00fas:<\/p>\n<ul>\n<li>Internet Explorer, Mozilla y Firefox: Ver &gt; Tama\u00f1o del texto<\/li>\n<li>Opera: Ver &gt; Zoom<\/li>\n<li>Safari: Ver &gt; Incrementar tama\u00f1o del texto<\/li>\n<li>Chrome: Controla la p\u00e1gina actual &gt; Tama\u00f1o texto<\/li>\n<li>Para modificar el tama\u00f1o de todo en la p\u00e1gina:\n<ul>\n<li>Ctrl++ para aumentarlo<\/li>\n<li>Ctrl + \u2013 para disminuirlo<\/li>\n<li>Ctrl + 0 restaura el tama\u00f1o original del texto<\/li>\n<li>Si lo que desea es anular la hoja de estilos o modificar el color del texto, puede consultar la p\u00e1gina How to Change Text Size or Colores de la WAI, que se puede leer traducido al espa\u00f1ol en C\u00f3mo cambiar el tama\u00f1o del texto o colores?<\/li>\n<\/ul>\n<\/li>\n<\/ul>\n<p>[\/vc_column_text][vc_empty_space height=\u00bb128px\u00bb][\/vc_column][\/vc_row]<\/p>\n<\/div>","protected":false},"excerpt":{"rendered":"<p>[vc_row css_animation=\u00bb\u00bb row_type=\u00bbrow\u00bb use_row_as_full_screen_section=\u00bbno\u00bb type=\u00bbgrid\u00bb angled_section=\u00bbno\u00bb text_align=\u00bbleft\u00bb background_image_as_pattern=\u00bbwithout_pattern\u00bb z_index=\u00bb\u00bb][vc_column][vc_column_text css=\u00bb\u00bb el_class=\u00bbbreadcrumbs\u00bb] Inicio &gt; Declaraci\u00f3n de accesibilidad [\/vc_column_text][\/vc_column][\/vc_row][vc_row css_animation=\u00bb\u00bb row_type=\u00bbrow\u00bb use_row_as_full_screen_section=\u00bbno\u00bb type=\u00bbfull_width\u00bb angled_section=\u00bbno\u00bb text_align=\u00bbleft\u00bb background_image_as_pattern=\u00bbwithout_pattern\u00bb][vc_column el_id=\u00bbinici\u00bb][vc_empty_space][vc_column_text css=\u00bb\u00bb] de accesibilidad [\/vc_column_text][vc_empty_space][vc_column_text css=\u00bb\u00bb]MARINA SOLA BOECK se ha comprometido a hacer accesible su sitio web, de conformidad con el&hellip; <a class=\"continue\" href=\"https:\/\/www.boeckcomunicacio.cat\/es\/declaracion-de-accesibilidad\/\">CONTINUAR >>><span> Declaraci\u00f3n de accesibilidad<\/span><\/a><\/p>\n","protected":false},"author":1,"featured_media":0,"parent":0,"menu_order":0,"comment_status":"closed","ping_status":"closed","template":"","meta":{"footnotes":""},"class_list":["post-705","page","type-page","status-publish","hentry"],"_links":{"self":[{"href":"https:\/\/www.boeckcomunicacio.cat\/es\/wp-json\/wp\/v2\/pages\/705","targetHints":{"allow":["GET"]}}],"collection":[{"href":"https:\/\/www.boeckcomunicacio.cat\/es\/wp-json\/wp\/v2\/pages"}],"about":[{"href":"https:\/\/www.boeckcomunicacio.cat\/es\/wp-json\/wp\/v2\/types\/page"}],"author":[{"embeddable":true,"href":"https:\/\/www.boeckcomunicacio.cat\/es\/wp-json\/wp\/v2\/users\/1"}],"replies":[{"embeddable":true,"href":"https:\/\/www.boeckcomunicacio.cat\/es\/wp-json\/wp\/v2\/comments?post=705"}],"version-history":[{"count":7,"href":"https:\/\/www.boeckcomunicacio.cat\/es\/wp-json\/wp\/v2\/pages\/705\/revisions"}],"predecessor-version":[{"id":933,"href":"https:\/\/www.boeckcomunicacio.cat\/es\/wp-json\/wp\/v2\/pages\/705\/revisions\/933"}],"wp:attachment":[{"href":"https:\/\/www.boeckcomunicacio.cat\/es\/wp-json\/wp\/v2\/media?parent=705"}],"curies":[{"name":"wp","href":"https:\/\/api.w.org\/{rel}","templated":true}]}}