{"id":685,"date":"2024-10-28T16:20:21","date_gmt":"2024-10-28T14:20:21","guid":{"rendered":"https:\/\/www.boeckcomunicacio.cat\/servicios\/"},"modified":"2025-10-01T10:51:59","modified_gmt":"2025-10-01T08:51:59","slug":"servicios","status":"publish","type":"page","link":"https:\/\/www.boeckcomunicacio.cat\/es\/servicios\/","title":{"rendered":"Servicios"},"content":{"rendered":"<div class=\"wpb-content-wrapper\"><p>[vc_row css_animation=\u00bb\u00bb row_type=\u00bbrow\u00bb use_row_as_full_screen_section=\u00bbno\u00bb type=\u00bbfull_width\u00bb angled_section=\u00bbno\u00bb text_align=\u00bbleft\u00bb background_image_as_pattern=\u00bbwithout_pattern\u00bb background_image=\u00bb865&#8243; z_index=\u00bb\u00bb][vc_column][vc_empty_space height=\u00bb240px\u00bb][\/vc_column][\/vc_row][vc_row css_animation=\u00bb\u00bb row_type=\u00bbrow\u00bb use_row_as_full_screen_section=\u00bbno\u00bb type=\u00bbgrid\u00bb angled_section=\u00bbno\u00bb text_align=\u00bbleft\u00bb background_image_as_pattern=\u00bbwithout_pattern\u00bb z_index=\u00bb\u00bb][vc_column][vc_column_text css=\u00bb\u00bb el_class=\u00bbbreadcrumbs\u00bb]<\/p>\n<p style=\"text-align: right;\"><a href=\"https:\/\/www.boeckcomunicacio.cat\/es\/\">Inicio<\/a> &gt; Servicios<\/p>\n<p>[\/vc_column_text][\/vc_column][\/vc_row][vc_row css_animation=\u00bb\u00bb row_type=\u00bbrow\u00bb use_row_as_full_screen_section=\u00bbno\u00bb type=\u00bbgrid\u00bb angled_section=\u00bbno\u00bb text_align=\u00bbleft\u00bb background_image_as_pattern=\u00bbwithout_pattern\u00bb css=\u00bb.vc_custom_1729008987649{padding-top: 80px !important;padding-bottom: 80px !important;}\u00bb z_index=\u00bb\u00bb el_id=\u00bbservicios\u00bb][vc_column el_id=\u00bbinici\u00bb][vc_column_text css=\u00bb\u00bb]<\/p>\n<h1 style=\"text-align: center;\">\u00bf<span class='highlight' style='color: #010101; background-color:transparent;'>Qu\u00e9 puedo hacer<\/span> por ti?<\/h1>\n<p>[\/vc_column_text][vc_empty_space height=\u00bb52px\u00bb][vc_column_text css=\u00bb\u00bb]<\/p>\n<h2 style=\"text-align: center;\"><span class='highlight' style='color: #010101; background-color:transparent;'>Copy<\/span>writer<\/h2>\n<p>[\/vc_column_text][vc_empty_space height=\u00bb52px\u00bb][vc_column_text css=\u00bb\u00bb el_class=\u00bbsection-text\u00bb]<strong>Crear una conexi\u00f3n<\/strong> real con tu audiencia <strong>no es f\u00e1cil<\/strong>. <strong>Ser diferente <\/strong>a tu competencia, <strong>no es f\u00e1cil<\/strong>. <strong>Conseguir la fidelizaci\u00f3n<\/strong> de tu comunidad <strong>no es f\u00e1cil<\/strong>. Pero con <strong>un texto persuasivo<\/strong> pensado expresamente para quien quiere leerlo <strong>puede volver las tornas<\/strong> y pasar de un <strong>\u201cposible cliente\u201d a un \u201ccliente real\u201d<\/strong>.<\/p>\n<p><\/p>\n<h3>\u00bfY qu\u00e9 escribo por ti?<\/h3>\n<p><\/p>\n<ul>\n<li>Los<strong> textos de tu web<\/strong> para que no la tengas \u201cporque debe tenerse\u201d.<strong> Tus clientes <\/strong>quieren informaci\u00f3n de calidad para <strong>conocer tus servicios<\/strong>.<\/li>\n<li><strong>Tr\u00edpticos<\/strong>, <strong>folletos<\/strong> y <strong>documentaci\u00f3n<\/strong> que ayudar\u00e1 a\u00fan m\u00e1s a <strong>crear una conexi\u00f3n<\/strong> real con tu <strong>cliente<\/strong>.<\/li>\n<li><strong>Correos electr\u00f3nicos<\/strong>. El \u00faltimo paso para conseguir la <strong>fidelizaci\u00f3n<\/strong> y <strong>lealtad<\/strong> de <strong>tu p\u00fablico<\/strong>. <\/li>\n<\/ul>\n<p>\n[\/vc_column_text][vc_empty_space height=\u00bb84px\u00bb][vc_column_text css=\u00bb\u00bb]<\/p>\n<h2 style=\"text-align: center;\"><span class='highlight' style='color: #010101; background-color:transparent;'>Redacci\u00f3n de con<\/span>tenidos web<\/h2>\n<p>[\/vc_column_text][vc_empty_space height=\u00bb52px\u00bb][vc_column_text css=\u00bb\u00bb el_class=\u00bbsection-text\u00bb]Quieres salir en las<strong> primeras p\u00e1ginas de Google<\/strong>, pero no tienes tiempo para dedicarte a ello y te han dicho que hay mucha gente y es muy dif\u00edcil. Tener un <strong>blog<\/strong> es <strong>clave<\/strong> para <strong>posicionarte<\/strong> como experto en tu sector. Las <strong>empresas que tienen blog<\/strong> tienen hasta un <strong>55% m\u00e1s de visitas <\/strong>en la web y un <strong>70% m\u00e1s de ventas<\/strong> frente a las que no escriben. (Fuente: <a href=\"https:\/\/oinkmygod.com\">oinkmygod<\/a>)<\/p>\n<p><\/p>\n<h3>\u00bfQu\u00e9 hago por ti?<\/h3>\n<p><\/p>\n<ul>\n<li>Te propongo un <strong>calendario editorial<\/strong> y la <strong>estrategia de contenidos<\/strong> preparada despu\u00e9s de<strong> investigar las palabras clave<\/strong> relevantes para <strong>tu negoci<\/strong>o.<\/li>\n<li><strong>Redacto el contenido<\/strong> orientado a <strong>SEO<\/strong> para conseguir esa primera posici\u00f3n tan esperada (y <strong>sin pagar publicidad<\/strong>). Y lo m\u00e1s importante, todo escrito sin perder tu <strong>identidad de marca<\/strong>. <\/li>\n<li>Y todo esto de forma conjunta para que os <strong>despreocup\u00e9is del marketing<\/strong> de contenidos, pero est\u00e9is siempre al tanto de lo que se hace.<\/li>\n<\/ul>\n<p>\n[\/vc_column_text][vc_empty_space height=\u00bb84px\u00bb][vc_column_text css=\u00bb\u00bb]<\/p>\n<h2 style=\"text-align: center;\"><span class='highlight' style='color: #010101; background-color:transparent;'>Social me<\/span>dia manager<\/h2>\n<p>[\/vc_column_text][vc_empty_space height=\u00bb52px\u00bb][vc_column_text css=\u00bb\u00bb el_class=\u00bbsection-text\u00bb]\u00bfQui\u00e9n no tiene un <strong>perfil<\/strong> en <strong>Instagram<\/strong>, <strong>Facebook<\/strong> o <strong>TikTok<\/strong>? No debes estar en todas las redes, pero tus posibles clientes s\u00ed est\u00e1n en la mayor\u00eda. Entonces, \u00bf<strong>por qu\u00e9 no trabajas las redes de la empresa<\/strong>? Falta de tiempo, cambios constantes en las redes y \u00abno s\u00e9 qu\u00e9 contenido necesitan mis clientes\u00bb. \u00a1pong\u00e1mosle soluci\u00f3n! <\/p>\n<p><\/p>\n<h3>\u00bfY c\u00f3mo lo haremos?<\/h3>\n<p><\/p>\n<ul>\n<li>Nos conoceremos para poder marcar los objetivos y crear una estrategia bien definida.<\/li>\n<li>Crear\u00e9 contenidos de calidad para tus perfiles siguiendo un calendario de contenidos.<\/li>\n<li>Gestionar\u00e9 tus redes sociales para que no pierdas tiempo.<\/li>\n<li>Analizaremos los resultados obtenidos de forma constante.<\/li>\n<\/ul>\n<p>\n[\/vc_column_text][vc_empty_space height=\u00bb42px\u00bb][qode_pricing_tables columns=\u00bbthree_columns\u00bb][qode_pricing_table title=\u00bbPack Barcelona\u00bb title_tag_standard=\u00bb\u00bb show_button=\u00bbno\u00bb active=\u00bbno\u00bb]<\/p>\n<ul>\n<li>Gesti\u00f3n de <strong>1 perfil<\/strong> en redes sociales (Instagram o Facebook o Twitter)<\/li>\n<li>Creaci\u00f3n y\/u optimizaci\u00f3n del perfil escogido<\/li>\n<li>Definici\u00f3n de la estrategia en base a los objetivos<\/li>\n<li>Contenido generado por el cliente<\/li>\n<li>Generaci\u00f3n de copys para las publicaciones<\/li>\n<li>Publicaci\u00f3n <strong>de 1 post a la semana<\/strong><\/li>\n<li>Mantenimiento y gesti\u00f3n de las redes sociales (no incluye respuesta a comentarios o mensajes privados)<\/li>\n<li>Servicio de atenci\u00f3n y asesoramiento<\/li>\n<\/ul>\n<p><a  itemprop=\"url\" href=\"\/es\/contacto\/\" target=\"_self\" data-hover-background-color='#b6304b' data-hover-border-color='#b6304b' data-hover-color='rgb(255, 255, 255)' class=\"qbutton  default\" style=\"color: rgb(1, 1, 1); background-color: #ff4469;\">Esto me vale<\/a>[\/qode_pricing_table][qode_pricing_table title=\u00bbPack London\u00bb title_tag_standard=\u00bb\u00bb show_button=\u00bbno\u00bb active=\u00bbyes\u00bb active_text=\u00bbOpci\u00f3n TOP\u00bb]<\/p>\n<ul>\n<li>Gesti\u00f3n de <strong>2 perfiles <\/strong>de redes sociales (Instagram o Facebook o Twitter)<\/li>\n<li>Creaci\u00f3n y\/u optimizaci\u00f3n de los perfiles seleccionados<\/li>\n<li>Definici\u00f3n de la estrategia en base a los objetivos<\/li>\n<li>Contenido generado por el cliente<\/li>\n<li>Generaci\u00f3n de copys para las publicaciones<\/li>\n<li>Publicaci\u00f3n de <strong>2 posts y 2 historias a la semana<\/strong><\/li>\n<li>Mantenimiento y gesti\u00f3n de las redes sociales<\/li>\n<li>Servicio de atenci\u00f3n y asesoramiento<\/li>\n<li>Creaci\u00f3n y planificaci\u00f3n del <strong>calendario de contenidos compartido con el cliente<\/strong><\/li>\n<li>Hasta una visita mensual al negocio para generar los contenidos <strong>(20 fotograf\u00edas o 1 v\u00eddeo de m\u00e1ximo 2 minutos)<\/strong><\/li>\n<li>Respuesta a <strong>mensajes privados<\/strong><\/li>\n<li><strong>Informe mensual simple<\/strong> del estado de las redes<\/li>\n<\/ul>\n<p><a  itemprop=\"url\" href=\"\/es\/contacto\/\" target=\"_self\" data-hover-background-color='#b6304b' data-hover-border-color='#b6304b' data-hover-color='rgb(255, 255, 255)' class=\"qbutton  default\" style=\"color: rgb(1, 1, 1); background-color: #ff4469;\">D\u00e9mosle vida<\/a>[\/qode_pricing_table][qode_pricing_table title=\u00bbPack New York\u00bb title_tag_standard=\u00bb\u00bb show_button=\u00bbno\u00bb active=\u00bbno\u00bb]<\/p>\n<ul>\n<li>Gesti\u00f3n de<strong> 3 perfiles<\/strong> de redes sociales (Instagram, Facebook y Twitter)<\/li>\n<li>Creaci\u00f3n y\/u optimizaci\u00f3n de los perfiles<\/li>\n<li>Definici\u00f3n de las estrategia en base a los objetivos<\/li>\n<li>Contenido generado por el cliente Generaci\u00f3n de copys para las publicaciones<\/li>\n<li>Publicaci\u00f3n de <strong>4 posts y 3 historias a la semana<\/strong><\/li>\n<li>Mantenimiento y gesti\u00f3n de las redes sociales<\/li>\n<li>Servicio de atenci\u00f3n y asesoramiento<\/li>\n<li>Creaci\u00f3 y planificaci\u00f3n del <strong>calendario de contenidos compartido con el cliente<\/strong><\/li>\n<li>Hasta una visita mensual al negocio para generar contenido <strong>(30 fotograf\u00edas o 2 v\u00eddeos de m\u00e1ximo 2 minutos)<\/strong><\/li>\n<li>Respuesta a <strong>mensajes privados y comentarios<\/strong><\/li>\n<li>Informe mensual detallado del estado de las redes sociales<\/li>\n<li>Planificaci\u00f3n y ejecuci\u00f3n de <strong>Social Ads<\/strong> (gasto a cargo del cliente)<\/li>\n<li><strong>Informe y an\u00e1lisis<\/strong> de los anuncions<\/li>\n<\/ul>\n<p><a  itemprop=\"url\" href=\"\/es\/contacto\/\" target=\"_self\" data-hover-background-color='#b6304b' data-hover-border-color='#b6304b' data-hover-color='rgb(255, 255, 255)' class=\"qbutton  default\" style=\"color: rgb(1, 1, 1); background-color: #ff4469;\">Dale ca\u00f1a<\/a>[\/qode_pricing_table][\/qode_pricing_tables][\/vc_column][\/vc_row]<\/p>\n<\/div>","protected":false},"excerpt":{"rendered":"<p>[vc_row css_animation=\u00bb\u00bb row_type=\u00bbrow\u00bb use_row_as_full_screen_section=\u00bbno\u00bb type=\u00bbfull_width\u00bb angled_section=\u00bbno\u00bb text_align=\u00bbleft\u00bb background_image_as_pattern=\u00bbwithout_pattern\u00bb background_image=\u00bb865&#8243; z_index=\u00bb\u00bb][vc_column][vc_empty_space height=\u00bb240px\u00bb][\/vc_column][\/vc_row][vc_row css_animation=\u00bb\u00bb row_type=\u00bbrow\u00bb use_row_as_full_screen_section=\u00bbno\u00bb type=\u00bbgrid\u00bb angled_section=\u00bbno\u00bb text_align=\u00bbleft\u00bb background_image_as_pattern=\u00bbwithout_pattern\u00bb z_index=\u00bb\u00bb][vc_column][vc_column_text css=\u00bb\u00bb el_class=\u00bbbreadcrumbs\u00bb] Inicio &gt; Servicios [\/vc_column_text][\/vc_column][\/vc_row][vc_row css_animation=\u00bb\u00bb row_type=\u00bbrow\u00bb use_row_as_full_screen_section=\u00bbno\u00bb type=\u00bbgrid\u00bb angled_section=\u00bbno\u00bb text_align=\u00bbleft\u00bb background_image_as_pattern=\u00bbwithout_pattern\u00bb css=\u00bb.vc_custom_1729008987649{padding-top: 80px !important;padding-bottom: 80px !important;}\u00bb z_index=\u00bb\u00bb el_id=\u00bbservicios\u00bb][vc_column el_id=\u00bbinici\u00bb][vc_column_text css=\u00bb\u00bb] \u00bf por ti? [\/vc_column_text][vc_empty_space&hellip; <a class=\"continue\" href=\"https:\/\/www.boeckcomunicacio.cat\/es\/servicios\/\">CONTINUAR >>><span> Servicios<\/span><\/a><\/p>\n","protected":false},"author":1,"featured_media":0,"parent":0,"menu_order":0,"comment_status":"closed","ping_status":"closed","template":"full_width.php","meta":{"footnotes":""},"class_list":["post-685","page","type-page","status-publish","hentry"],"_links":{"self":[{"href":"https:\/\/www.boeckcomunicacio.cat\/es\/wp-json\/wp\/v2\/pages\/685","targetHints":{"allow":["GET"]}}],"collection":[{"href":"https:\/\/www.boeckcomunicacio.cat\/es\/wp-json\/wp\/v2\/pages"}],"about":[{"href":"https:\/\/www.boeckcomunicacio.cat\/es\/wp-json\/wp\/v2\/types\/page"}],"author":[{"embeddable":true,"href":"https:\/\/www.boeckcomunicacio.cat\/es\/wp-json\/wp\/v2\/users\/1"}],"replies":[{"embeddable":true,"href":"https:\/\/www.boeckcomunicacio.cat\/es\/wp-json\/wp\/v2\/comments?post=685"}],"version-history":[{"count":32,"href":"https:\/\/www.boeckcomunicacio.cat\/es\/wp-json\/wp\/v2\/pages\/685\/revisions"}],"predecessor-version":[{"id":951,"href":"https:\/\/www.boeckcomunicacio.cat\/es\/wp-json\/wp\/v2\/pages\/685\/revisions\/951"}],"wp:attachment":[{"href":"https:\/\/www.boeckcomunicacio.cat\/es\/wp-json\/wp\/v2\/media?parent=685"}],"curies":[{"name":"wp","href":"https:\/\/api.w.org\/{rel}","templated":true}]}}