{"id":680,"date":"2024-10-28T16:16:23","date_gmt":"2024-10-28T14:16:23","guid":{"rendered":"https:\/\/www.boeckcomunicacio.cat\/sobre-mi\/"},"modified":"2025-01-30T18:44:38","modified_gmt":"2025-01-30T16:44:38","slug":"sobre-mi","status":"publish","type":"page","link":"https:\/\/www.boeckcomunicacio.cat\/es\/sobre-mi\/","title":{"rendered":"Sobre m\u00ed"},"content":{"rendered":"<div class=\"wpb-content-wrapper\"><p>[vc_row css_animation=\u00bb\u00bb row_type=\u00bbrow\u00bb use_row_as_full_screen_section=\u00bbno\u00bb type=\u00bbfull_width\u00bb angled_section=\u00bbno\u00bb text_align=\u00bbleft\u00bb background_image_as_pattern=\u00bbwithout_pattern\u00bb background_image=\u00bb877&#8243; z_index=\u00bb\u00bb][vc_column][vc_empty_space height=\u00bb240px\u00bb][\/vc_column][\/vc_row][vc_row css_animation=\u00bb\u00bb row_type=\u00bbrow\u00bb use_row_as_full_screen_section=\u00bbno\u00bb type=\u00bbgrid\u00bb angled_section=\u00bbno\u00bb text_align=\u00bbleft\u00bb background_image_as_pattern=\u00bbwithout_pattern\u00bb z_index=\u00bb\u00bb][vc_column][vc_column_text css=\u00bb\u00bb el_class=\u00bbbreadcrumbs\u00bb]<\/p>\n<p style=\"text-align: right;\"><a href=\"https:\/\/www.boeckcomunicacio.cat\/es\/\">Inicio<\/a> &gt; Sobre m\u00ed<\/p>\n<p>[\/vc_column_text][\/vc_column][\/vc_row][vc_row css_animation=\u00bb\u00bb row_type=\u00bbrow\u00bb use_row_as_full_screen_section=\u00bbno\u00bb type=\u00bbgrid\u00bb angled_section=\u00bbno\u00bb text_align=\u00bbleft\u00bb background_image_as_pattern=\u00bbwithout_pattern\u00bb z_index=\u00bb\u00bb][vc_column el_id=\u00bbinici\u00bb][vc_empty_space height=\u00bb52px\u00bb][vc_column_text css=\u00bb\u00bb]<\/p>\n<h1 style=\"text-align: center;\"><span class='highlight' style='color: #010101; background-color:transparent;'>Sobre<\/span> m\u00ed<\/h1>\n<p>[\/vc_column_text][vc_empty_space height=\u00bb52px\u00bb][vc_column_text css=\u00bb\u00bb el_class=\u00bbsection-text\u00bb]<strong>La comunicaci\u00f3n y yo hemos ido de la mano desde peque\u00f1a<\/strong> cuando quer\u00eda ser \u201cprofe\u201d como mi madre y mi t\u00eda. Lo que dicen que viene de familia&#8230;<br \/>\nY s\u00ed, comunico, pero a trav\u00e9s de las <strong>redes sociales, webs y blogs<\/strong> .<\/p>\n<h2>De la carrera de Periodismo a la televisi\u00f3n local y ahora comunicando a trav\u00e9s de las redes.<\/h2>\n<p>En la escuela de mi pueblo, donde curs\u00e9 primaria y ESO, ten\u00edamos un estudio de radio. En ese momento dir\u00eda que \u00e9ramos una de las pocas que ten\u00eda (\u00a1o quiz\u00e1s la \u00fanica!). Cuando tuve la oportunidad de hacer una extraescolar de radio con uno de los mejores profesores que he tenido, \u00a1descubr\u00ed un mundo nuevo!<br \/>\nDurante la ESO hice un programa de radio de una hora semanal con 5 compa\u00f1eros. Aqu\u00ed empez\u00f3 mi \u00e9poca de comunicadora.<br \/>\n\u00bfHac\u00edamos el programa por las madres, padres, abuelos, abuelas y t\u00edos? Quiz\u00e1s s\u00ed, pero disfrutaba mucho de las horas que me pasaba preparando mis secciones, escribiendo el gui\u00f3n, pensando en c\u00f3mo explicarlo para que se entendiera s\u00f3lo con la voz&#8230;<\/p>\n<p>Aqu\u00ed hago un peque\u00f1o inciso: de nuestra radio, de <strong>Radio Vedruna<\/strong> , sali\u00f3 uno de los mejores periodistas que conozco y es <strong>Jefe de Informativos en Catalunya R\u00e0dio<\/strong> , <strong>Joan Rusi\u00f1ol<\/strong> .<\/p>\n<p>&nbsp;<\/p>\n<h3><\/h3>\n<h3>El siguiente paso era obvio: <strong>carrera de Periodismo<\/strong> .<\/h3>\n<p>Y me abri\u00f3 las puertas a trabajar en una televisi\u00f3n local de ciudad.<br \/>\n\u00bfSab\u00e9is lo de <strong>\u201caprendes m\u00e1s cuando entras en el mundo laboral que estudiando\u201d<\/strong> ? \u00a1Pues es verdad!<br \/>\nAh\u00ed aprend\u00ed de todo y m\u00e1s del mundo de la comunicaci\u00f3n. La televisi\u00f3n es completamente distinta a la radio porque la imagen es lo m\u00e1s importante.<\/p>\n<p>&nbsp;<\/p>\n<h3><\/h3>\n<h3><strong>Y la importancia de la imagen y el texto me llev\u00f3 a las redes sociales.<\/strong><\/h3>\n<p>&nbsp;<\/p>\n<p><strong>Quien no ha&#8230;<\/strong><\/p>\n<ul>\n<li>Comprado productos o servicios gracias a las redes sociales<\/li>\n<li>Ha buscado informaci\u00f3n de algo que quer\u00eda a trav\u00e9s de Google<\/li>\n<li>\u00bfHa comprado alg\u00fan curso, m\u00e1ster, posgrado gracias a los textos persuasivos de las webs?<\/li>\n<\/ul>\n<p>&nbsp;<\/p>\n<h3><strong>Confieso: yo lo he hecho.<\/strong><\/h3>\n<p>&nbsp;<\/p>\n<p>\u00bfY por qu\u00e9 no <strong>ayudar a empresas<\/strong> a conseguir lo mismo? <strong>Conectar con sus posibles clientes<\/strong> y <strong>conseguir que sean clientes<\/strong> , evidentemente, sino \u201cmaldita la gracia\u201d.<\/p>\n<p>En fin, que la comunicaci\u00f3n es la mejor herramienta para hacernos sentir (y ver, gracias a las redes \u201cguinyo-guinyo\u201d) y para hacer mejor la vida de la gente gracias a nuestros servicios o productos.<\/p>\n<p>Y esto <strong>es lo que puedo hacer por ti:<\/strong> <strong>mejorar la comunicaci\u00f3n<\/strong> con tus clientes, conseguir <strong>que tus servicios lo <em>peten<\/em> en internet<\/strong> y, lo m\u00e1s importante, lo hago <strong>YO<\/strong> para que <strong>T\u00da<\/strong> no te vuelvas loco![\/vc_column_text][vc_empty_space height=\u00bb52px\u00bb][\/vc_column][\/vc_row]<\/p>\n<\/div>","protected":false},"excerpt":{"rendered":"<p>[vc_row css_animation=\u00bb\u00bb row_type=\u00bbrow\u00bb use_row_as_full_screen_section=\u00bbno\u00bb type=\u00bbfull_width\u00bb angled_section=\u00bbno\u00bb text_align=\u00bbleft\u00bb background_image_as_pattern=\u00bbwithout_pattern\u00bb background_image=\u00bb877&#8243; z_index=\u00bb\u00bb][vc_column][vc_empty_space height=\u00bb240px\u00bb][\/vc_column][\/vc_row][vc_row css_animation=\u00bb\u00bb row_type=\u00bbrow\u00bb use_row_as_full_screen_section=\u00bbno\u00bb type=\u00bbgrid\u00bb angled_section=\u00bbno\u00bb text_align=\u00bbleft\u00bb background_image_as_pattern=\u00bbwithout_pattern\u00bb z_index=\u00bb\u00bb][vc_column][vc_column_text css=\u00bb\u00bb el_class=\u00bbbreadcrumbs\u00bb] Inicio &gt; Sobre m\u00ed [\/vc_column_text][\/vc_column][\/vc_row][vc_row css_animation=\u00bb\u00bb row_type=\u00bbrow\u00bb use_row_as_full_screen_section=\u00bbno\u00bb type=\u00bbgrid\u00bb angled_section=\u00bbno\u00bb text_align=\u00bbleft\u00bb background_image_as_pattern=\u00bbwithout_pattern\u00bb z_index=\u00bb\u00bb][vc_column el_id=\u00bbinici\u00bb][vc_empty_space height=\u00bb52px\u00bb][vc_column_text css=\u00bb\u00bb] m\u00ed [\/vc_column_text][vc_empty_space height=\u00bb52px\u00bb][vc_column_text css=\u00bb\u00bb el_class=\u00bbsection-text\u00bb]La comunicaci\u00f3n y yo&hellip; <a class=\"continue\" href=\"https:\/\/www.boeckcomunicacio.cat\/es\/sobre-mi\/\">CONTINUAR >>><span> Sobre m\u00ed<\/span><\/a><\/p>\n","protected":false},"author":1,"featured_media":0,"parent":0,"menu_order":0,"comment_status":"closed","ping_status":"closed","template":"full_width.php","meta":{"footnotes":""},"class_list":["post-680","page","type-page","status-publish","hentry"],"_links":{"self":[{"href":"https:\/\/www.boeckcomunicacio.cat\/es\/wp-json\/wp\/v2\/pages\/680","targetHints":{"allow":["GET"]}}],"collection":[{"href":"https:\/\/www.boeckcomunicacio.cat\/es\/wp-json\/wp\/v2\/pages"}],"about":[{"href":"https:\/\/www.boeckcomunicacio.cat\/es\/wp-json\/wp\/v2\/types\/page"}],"author":[{"embeddable":true,"href":"https:\/\/www.boeckcomunicacio.cat\/es\/wp-json\/wp\/v2\/users\/1"}],"replies":[{"embeddable":true,"href":"https:\/\/www.boeckcomunicacio.cat\/es\/wp-json\/wp\/v2\/comments?post=680"}],"version-history":[{"count":12,"href":"https:\/\/www.boeckcomunicacio.cat\/es\/wp-json\/wp\/v2\/pages\/680\/revisions"}],"predecessor-version":[{"id":910,"href":"https:\/\/www.boeckcomunicacio.cat\/es\/wp-json\/wp\/v2\/pages\/680\/revisions\/910"}],"wp:attachment":[{"href":"https:\/\/www.boeckcomunicacio.cat\/es\/wp-json\/wp\/v2\/media?parent=680"}],"curies":[{"name":"wp","href":"https:\/\/api.w.org\/{rel}","templated":true}]}}