{"id":677,"date":"2018-02-05T10:15:38","date_gmt":"2018-02-05T08:15:38","guid":{"rendered":"https:\/\/www.boeckcomunicacio.cat\/inicio\/"},"modified":"2025-01-30T18:45:03","modified_gmt":"2025-01-30T16:45:03","slug":"inicio","status":"publish","type":"page","link":"https:\/\/www.boeckcomunicacio.cat\/es\/","title":{"rendered":"Inicio"},"content":{"rendered":"<div class=\"wpb-content-wrapper\"><p>[vc_row css_animation=\u00bb\u00bb row_type=\u00bbrow\u00bb use_row_as_full_screen_section=\u00bbno\u00bb type=\u00bbfull_width\u00bb angled_section=\u00bbno\u00bb text_align=\u00bbleft\u00bb background_image_as_pattern=\u00bbwithout_pattern\u00bb][vc_column el_class=\u00bblanding-wrapper\u00bb][vc_single_image image=\u00bb674&#8243; img_size=\u00bbfull\u00bb css=\u00bb\u00bb qode_css_animation=\u00bb\u00bb el_class=\u00bblanding-img\u00bb][qode_elements_holder number_of_columns=\u00bbone_column\u00bb alignment_one_column=\u00bbcenter\u00bb custom_class=\u00bblanding-text\u00bb][qode_elements_holder_item vertical_alignment=\u00bbmiddle\u00bb horizontal_alignment=\u00bbcenter\u00bb advanced_animations=\u00bbno\u00bb item_padding_1280_1440=\u00bb0px 100px\u00bb item_padding_1024_1280=\u00bb0px 100px\u00bb item_padding_768_1024=\u00bb0px 100px\u00bb item_padding_600_768=\u00bb0px 100px\u00bb item_padding_480_600=\u00bb0px 100px\u00bb item_padding_480=\u00bb0px 0px\u00bb custom_class=\u00bblanding-text-holder\u00bb][vc_column_text css=\u00bb\u00bb]<\/p>\n<h1>Estratega de redes sociales creativas<\/h1>\n<p class=\"western\"><span lang=\"ca-ES\">\u00a1Crea una conexi\u00f3n real con tu comunidad con la comunicaci\u00f3n en redes sociales, gana confianza y no pierdas el tiempo!<\/span><\/p>\n<h2 class=\"western\"><strong><span lang=\"ca-ES\">T\u00fa a tu trabajo y yo, a tus redes<\/span><\/strong><\/h2>\n<p class=\"western\"><span lang=\"ca-ES\">Olv\u00eddate de quebraderos de cabeza delegando las tareas de comunicaci\u00f3n y consigue una comunidad fiel y una comunicaci\u00f3n efectiva y profesional.<\/span><\/p>\n<p class=\"western\"><span lang=\"ca-ES\"><strong>Soy Marina, Copywriter y Social Media Manager<\/strong> y puedo ayudarte si&#8230;<\/span> <span style=\"font-family: Segoe UI Emoji, sans-serif;\"><span lang=\"ca-ES\"><\/span><\/span><\/p>\n<p>[\/vc_column_text]\n\n\t<a href=\"https:\/\/www.instagram.com\/boeckcomunicacio\/\" target=\"_blank\" style=\"color: #010101;background-color: #FF4469;font-size: 16px;margin: 10px 0px 0px 0px\" class=\"qode-btn qode-btn-medium qode-btn-solid qode-btn-custom-hover-bg qode-btn-custom-hover-color rounded-button qode-btn-default-hover\" data-hover-bg-color=\"#B6304B\" data-hover-color=\"#FFFFFF\" >\n\t    <span class=\"qode-btn-text\">As\u00ed trabajo<\/span>\t<\/a>\n\n[\/qode_elements_holder_item][\/qode_elements_holder][\/vc_column][\/vc_row][vc_row css_animation=\u00bb\u00bb row_type=\u00bbrow\u00bb use_row_as_full_screen_section=\u00bbno\u00bb type=\u00bbgrid\u00bb angled_section=\u00bbno\u00bb text_align=\u00bbleft\u00bb background_image_as_pattern=\u00bbwithout_pattern\u00bb z_index=\u00bb\u00bb el_class=\u00bboverlapping-row\u00bb][vc_column css=\u00bb.vc_custom_1517993894238{margin-top: -51% !important;padding-right: 40px !important;padding-left: 40px !important;border-radius: 2px !important;}\u00bb offset=\u00bbvc_col-lg-4 vc_col-md-4&#8243;][qode_elements_holder number_of_columns=\u00bbone_column\u00bb][qode_elements_holder_item advanced_animations=\u00bbno\u00bb background_color=\u00bb#ffffff\u00bb item_padding=\u00bb55px 40px 65px 40px\u00bb item_padding_1024_1280=\u00bb55px 20px 65px 20px\u00bb item_padding_768_1024=\u00bb0 0 0 0&#8243; custom_class=\u00bbicon-holder\u00bb]<div class='q_icon_with_title tiny custom_icon_image center '><div class=\"icon_holder \" style=\" \"><img decoding=\"async\" itemprop=\"image\" style=\"\" src=\"https:\/\/www.boeckcomunicacio.cat\/wp-content\/uploads\/2024\/11\/clock-4.png\" alt=\"Icone punt de dolor temps\"><\/div><div class=\"icon_text_holder\" style=\"\"><div class=\"icon_text_inner\" style=\"\"><h3 class=\"icon_title\" style=\"\">Tiempo<\/h3><p style=''>Te pasas demasiado tiempo en el despacho, te pierdes las vacaciones con tu familia y te faltan horas en el reloj para estar pendiente de las redes sociales.<\/p><\/div><\/div><\/div>[vc_empty_space height=\u00bb1px\u00bb css=\u00bb.vc_custom_1517838892096{margin-top: -36px !important;}\u00bb][\/qode_elements_holder_item][\/qode_elements_holder][\/vc_column][vc_column css=\u00bb.vc_custom_1517993905867{margin-top: -51% !important;padding-right: 40px !important;padding-left: 40px !important;border-radius: 2px !important;}\u00bb offset=\u00bbvc_col-lg-4 vc_col-md-4&#8243;][qode_elements_holder number_of_columns=\u00bbone_column\u00bb][qode_elements_holder_item advanced_animations=\u00bbno\u00bb background_color=\u00bb#ffffff\u00bb item_padding=\u00bb55px 40px 65px 40px\u00bb item_padding_1024_1280=\u00bb55px 20px 65px 20px\u00bb item_padding_768_1024=\u00bb0 0 0 0&#8243; custom_class=\u00bbicon-holder\u00bb]<div class='q_icon_with_title tiny custom_icon_image center '><div class=\"icon_holder \" style=\" \"><img decoding=\"async\" itemprop=\"image\" style=\"\" src=\"https:\/\/www.boeckcomunicacio.cat\/wp-content\/uploads\/2024\/11\/message-circle-question.png\" alt=\"Icone punt de dolor comunicaci\u00f3\"><\/div><div class=\"icon_text_holder\" style=\"\"><div class=\"icon_text_inner\" style=\"\"><h3 class=\"icon_title\" style=\"\">Comunicaci\u00f3n<\/h3><p style=''>Ves que la comunicaci\u00f3n con tus clientes hace aguas por doquier, pero no tienes ni idea de c\u00f3mo arreglarlo.<\/p><\/div><\/div><\/div>[vc_empty_space height=\u00bb1px\u00bb css=\u00bb.vc_custom_1517838892096{margin-top: -36px !important;}\u00bb][\/qode_elements_holder_item][\/qode_elements_holder][\/vc_column][vc_column css=\u00bb.vc_custom_1517993920884{margin-top: -51% !important;padding-right: 40px !important;padding-left: 40px !important;border-radius: 2px !important;}\u00bb offset=\u00bbvc_col-lg-4 vc_col-md-4&#8243;][qode_elements_holder number_of_columns=\u00bbone_column\u00bb][qode_elements_holder_item advanced_animations=\u00bbno\u00bb background_color=\u00bb#ffffff\u00bb item_padding=\u00bb55px 40px 65px 40px\u00bb item_padding_1024_1280=\u00bb55px 20px 65px 20px\u00bb item_padding_768_1024=\u00bb0 0 0 0&#8243; custom_class=\u00bbicon-holder\u00bb]<div class='q_icon_with_title tiny custom_icon_image center '><div class=\"icon_holder \" style=\" \"><img decoding=\"async\" itemprop=\"image\" style=\"\" src=\"https:\/\/www.boeckcomunicacio.cat\/wp-content\/uploads\/2024\/11\/speech.png\" alt=\"Icone punt de dolor pres\u00e8ncia\"><\/div><div class=\"icon_text_holder\" style=\"\"><div class=\"icon_text_inner\" style=\"\"><h3 class=\"icon_title\" style=\"\">Presencia<\/h3><p style=''>Te han dicho que debes estar presente en internet trabajando el SEO, pero no sabes c\u00f3mo hacerlo y te lleva por el camino de la amargura.<\/p><\/div><\/div><\/div>[vc_empty_space height=\u00bb1px\u00bb css=\u00bb.vc_custom_1517838892096{margin-top: -36px !important;}\u00bb][\/qode_elements_holder_item][\/qode_elements_holder][\/vc_column][\/vc_row][vc_row css_animation=\u00bb\u00bb row_type=\u00bbrow\u00bb use_row_as_full_screen_section=\u00bbno\u00bb type=\u00bbgrid\u00bb angled_section=\u00bbno\u00bb text_align=\u00bbleft\u00bb background_image_as_pattern=\u00bbwithout_pattern\u00bb z_index=\u00bb\u00bb][vc_column el_id=\u00bbinici\u00bb][vc_empty_space][vc_column_text css=\u00bb\u00bb el_class=\u00bbsection-text\u00bb]Las <strong>redes sociales<\/strong> , el <strong>blog<\/strong> y la <strong>web<\/strong> piden <strong>tiempo<\/strong> y <strong>dedicaci\u00f3n<\/strong> que a menudo emprendedores como t\u00fa no tiene. Estar al tanto de las tendencias, de c\u00f3mo funcionan los algoritmos, de redactar contenidos que sean de inter\u00e9s para tus clientes&#8230;<\/p>\n<p>Pero s\u00ed, <strong>las redes sociales son muy importantes<\/strong> hoy en d\u00eda. Y me preguntar\u00e1s, \u00bfy por qu\u00e9 lo son tanto?<\/p>\n<p>&nbsp;<\/p>\n<h3>Te dejo aqu\u00ed algunos datos:<\/h3>\n<ul>\n<li>Un usuario pasa 2 horas y 23 minutos al d\u00eda en las redes sociales<\/li>\n<li>Este usuario est\u00e1 6 horas y 40 minutos online cada d\u00eda<\/li>\n<li>Las empresas que tienen blog consiguen hasta un 55% m\u00e1s de visitas en la web y un 70% m\u00e1s de ventas frente a las que no escriben<\/li>\n<\/ul>\n<p>Fuente: <a href=\"https:\/\/wearesocial.com\/uk\/blog\/2024\/01\/digital-2024\/\">We are social<\/a> y <a href=\"https:\/\/oinkmygod.com\">Oinkmygod<\/a><\/p>\n<p>&nbsp;<\/p>\n<h3>Y una vez que has visto estos datos, te cuento lo que puedo hacer por ti.<\/h3>\n<ul>\n<li><strong>Redactar textos persuasivos<\/strong> para tu web para que no sea un sitio aburrido y sin inter\u00e9s. <strong>Tus clientes quieren saber qu\u00e9 puedes hacer para ellos<\/strong> y si no creas una conexi\u00f3n real con ellos, los pierdes.<\/li>\n<li><strong>Gesti\u00f3n del blog y redacci\u00f3n de contenidos<\/strong> para que quien busque tus servicios <strong>te encuentre en la primera p\u00e1gina de Google<\/strong> . S\u00ed, aqu\u00ed es donde te digo que <strong>escribir\u00e9 el contenido orientado a SEO<\/strong> , pero lo que te interesa es saber que <strong>no tendr\u00e1s que pagar publicidad<\/strong> para aparecer en Google.<\/li>\n<li><strong>Trabajar en tus redes sociales<\/strong> , pero no te pedir\u00e9 que hagas v\u00eddeos bailando. \u00a1No hace falta! Olv\u00eddate de pensar cada d\u00eda qu\u00e9 publicar en tus perfiles en las redes y rel\u00e1jate.<\/li>\n<\/ul>\n<p>[\/vc_column_text][\/vc_column][\/vc_row][vc_row css_animation=\u00bb\u00bb row_type=\u00bbrow\u00bb use_row_as_full_screen_section=\u00bbno\u00bb type=\u00bbfull_width\u00bb angled_section=\u00bbno\u00bb text_align=\u00bbleft\u00bb background_image_as_pattern=\u00bbwithout_pattern\u00bb][vc_column][vc_empty_space height=\u00bb52px\u00bb][\/vc_column][\/vc_row]<\/p>\n<\/div>","protected":false},"excerpt":{"rendered":"<p>[vc_row css_animation=\u00bb\u00bb row_type=\u00bbrow\u00bb use_row_as_full_screen_section=\u00bbno\u00bb type=\u00bbfull_width\u00bb angled_section=\u00bbno\u00bb text_align=\u00bbleft\u00bb background_image_as_pattern=\u00bbwithout_pattern\u00bb][vc_column el_class=\u00bblanding-wrapper\u00bb][vc_single_image image=\u00bb674&#8243; img_size=\u00bbfull\u00bb css=\u00bb\u00bb qode_css_animation=\u00bb\u00bb el_class=\u00bblanding-img\u00bb][qode_elements_holder number_of_columns=\u00bbone_column\u00bb alignment_one_column=\u00bbcenter\u00bb custom_class=\u00bblanding-text\u00bb][qode_elements_holder_item vertical_alignment=\u00bbmiddle\u00bb horizontal_alignment=\u00bbcenter\u00bb advanced_animations=\u00bbno\u00bb item_padding_1280_1440=\u00bb0px 100px\u00bb item_padding_1024_1280=\u00bb0px 100px\u00bb item_padding_768_1024=\u00bb0px 100px\u00bb item_padding_600_768=\u00bb0px 100px\u00bb item_padding_480_600=\u00bb0px 100px\u00bb item_padding_480=\u00bb0px 0px\u00bb custom_class=\u00bblanding-text-holder\u00bb][vc_column_text css=\u00bb\u00bb] Estratega de redes sociales creativas \u00a1Crea una conexi\u00f3n real con tu&hellip; <a class=\"continue\" href=\"https:\/\/www.boeckcomunicacio.cat\/es\/\">CONTINUAR >>><span> Inicio<\/span><\/a><\/p>\n","protected":false},"author":1,"featured_media":0,"parent":0,"menu_order":0,"comment_status":"closed","ping_status":"closed","template":"full_width.php","meta":{"footnotes":""},"class_list":["post-677","page","type-page","status-publish","hentry"],"_links":{"self":[{"href":"https:\/\/www.boeckcomunicacio.cat\/es\/wp-json\/wp\/v2\/pages\/677","targetHints":{"allow":["GET"]}}],"collection":[{"href":"https:\/\/www.boeckcomunicacio.cat\/es\/wp-json\/wp\/v2\/pages"}],"about":[{"href":"https:\/\/www.boeckcomunicacio.cat\/es\/wp-json\/wp\/v2\/types\/page"}],"author":[{"embeddable":true,"href":"https:\/\/www.boeckcomunicacio.cat\/es\/wp-json\/wp\/v2\/users\/1"}],"replies":[{"embeddable":true,"href":"https:\/\/www.boeckcomunicacio.cat\/es\/wp-json\/wp\/v2\/comments?post=677"}],"version-history":[{"count":11,"href":"https:\/\/www.boeckcomunicacio.cat\/es\/wp-json\/wp\/v2\/pages\/677\/revisions"}],"predecessor-version":[{"id":912,"href":"https:\/\/www.boeckcomunicacio.cat\/es\/wp-json\/wp\/v2\/pages\/677\/revisions\/912"}],"wp:attachment":[{"href":"https:\/\/www.boeckcomunicacio.cat\/es\/wp-json\/wp\/v2\/media?parent=677"}],"curies":[{"name":"wp","href":"https:\/\/api.w.org\/{rel}","templated":true}]}}